{"id":21,"date":"2014-12-21T08:26:19","date_gmt":"2014-12-21T08:26:19","guid":{"rendered":"https:\/\/avada.theme-fusion.com_demos\/fashion\/?page_id=21"},"modified":"2025-09-04T10:18:46","modified_gmt":"2025-09-04T10:18:46","slug":"contact","status":"publish","type":"page","link":"https:\/\/blissthebeautycompany.com\/br\/contact\/","title":{"rendered":"CONTACT"},"content":{"rendered":"<div class=\"fusion-fullwidth fullwidth-box fusion-builder-row-1 fusion-flex-container has-pattern-background has-mask-background hundred-percent-fullwidth non-hundred-percent-height-scrolling\" style=\"--awb-background-position:left top;--awb-border-sizes-top:0px;--awb-border-sizes-bottom:0px;--awb-border-sizes-left:0px;--awb-border-sizes-right:0px;--awb-border-radius-top-left:0px;--awb-border-radius-top-right:0px;--awb-border-radius-bottom-right:0px;--awb-border-radius-bottom-left:0px;--awb-padding-top:0px;--awb-padding-right:0px;--awb-padding-bottom:0px;--awb-padding-left:0px;--awb-margin-top:11%;--awb-flex-wrap:wrap;\" ><div class=\"fusion-builder-row fusion-row fusion-flex-align-items-stretch fusion-flex-content-wrap\" style=\"width:calc( 100% + 0px ) !important;max-width:calc( 100% + 0px ) !important;margin-left: calc(-0px \/ 2 );margin-right: calc(-0px \/ 2 );\"><div class=\"fusion-layout-column fusion_builder_column fusion-builder-column-0 fusion_builder_column_1_2 1_2 fusion-flex-column\" style=\"--awb-padding-top:9%;--awb-padding-right:9%;--awb-padding-bottom:9%;--awb-padding-left:9%;--awb-padding-bottom-medium:60px;--awb-padding-top-small:0px;--awb-bg-blend:overlay;--awb-bg-size:cover;--awb-width-large:50%;--awb-margin-top-large:0px;--awb-spacing-right-large:0px;--awb-margin-bottom-large:0px;--awb-spacing-left-large:0px;--awb-width-medium:100%;--awb-spacing-right-medium:0px;--awb-spacing-left-medium:0px;--awb-width-small:100%;--awb-margin-top-small:30%;--awb-spacing-right-small:0px;--awb-spacing-left-small:0px;\"><div class=\"fusion-column-wrapper fusion-flex-justify-content-center fusion-content-layout-column\"><div class=\"fusion-title title fusion-title-1 fusion-title-center fusion-title-text fusion-title-size-two\" style=\"--awb-margin-top-small:0px;--awb-margin-right-small:0px;--awb-margin-bottom-small:20px;--awb-margin-left-small:0px;\"><div class=\"title-sep-container title-sep-container-left\"><div class=\"title-sep sep- sep-solid\" style=\"border-color:hsla(var(--awb-color1-h),var(--awb-color1-s),var(--awb-color1-l),calc( var(--awb-color1-a) - 80% ));\"><\/div><\/div><span class=\"awb-title-spacer\"><\/span><h2 class=\"fusion-title-heading title-heading-center fusion-responsive-typography-calculated\" style=\"margin:0;--fontSize:40;line-height:1.1;\">Entre em Contato!<\/h2><span class=\"awb-title-spacer\"><\/span><div class=\"title-sep-container title-sep-container-right\"><div class=\"title-sep sep- sep-solid\" style=\"border-color:hsla(var(--awb-color1-h),var(--awb-color1-s),var(--awb-color1-l),calc( var(--awb-color1-a) - 80% ));\"><\/div><\/div><\/div><div class=\"fusion-text fusion-text-1\" style=\"--awb-content-alignment:center;--awb-font-size:var(--awb-typography2-font-size);--awb-line-height:var(--awb-typography2-line-height);--awb-letter-spacing:var(--awb-typography2-letter-spacing);--awb-text-transform:var(--awb-typography2-text-transform);--awb-text-font-family:var(--awb-typography2-font-family);--awb-text-font-weight:var(--awb-typography2-font-weight);--awb-text-font-style:var(--awb-typography2-font-style);\"><p>Vamos come\u00e7ar!<\/p>\n<\/div><div class=\"fusion-text fusion-text-2\" style=\"--awb-content-alignment:center;\"><p style=\"text-align: left;\" data-start=\"247\" data-end=\"421\">Tem d\u00favidas sobre os <strong data-start=\"268\" data-end=\"290\">cursos presenciais<\/strong>, quer agendar um <strong data-start=\"308\" data-end=\"340\">treinamento VIP no seu sal\u00e3o<\/strong> ou simplesmente saber qual forma\u00e7\u00e3o \u00e9 ideal para voc\u00ea? Estamos aqui para ajudar!<\/p>\n<p style=\"text-align: left;\" data-start=\"423\" data-end=\"575\">Nossa equipe est\u00e1 pronta para responder suas perguntas, oferecer orienta\u00e7\u00f5es e te ajudar a escolher o melhor caminho para sua evolu\u00e7\u00e3o como hairstylist.<\/p>\n<p style=\"text-align: left;\" data-start=\"577\" data-end=\"703\">\ud83d\udce9 Preencha o formul\u00e1rio abaixo ou fale diretamente conosco por e-mail ou WhatsApp.<\/p>\n<\/div><div style=\"text-align:center;\"><a class=\"fusion-button button-flat fusion-button-default-size button-custom fusion-button-default button-1 fusion-button-default-span fusion-button-default-type\" style=\"--button_accent_color:#ffffff;--button_border_color:#12dd0b;--button_accent_hover_color:#ffffff;--button_border_hover_color:#4ca9b4;--button_gradient_top_color:#000000;--button_gradient_bottom_color:#000000;--button_gradient_top_color_hover:#000000;--button_gradient_bottom_color_hover:#000000;\" target=\"_blank\" rel=\"noopener noreferrer\" href=\"https:\/\/api.whatsapp.com\/send\/?phone=5551936198197&amp;text&amp;type=phone_number&amp;app_absent=0\"><i class=\"fa-mobile-alt fas awb-button__icon awb-button__icon--default button-icon-left\" aria-hidden=\"true\"><\/i><span class=\"fusion-button-text awb-button__text awb-button__text--default\">Whatsapp<\/span><\/a><\/div><\/div><\/div><div class=\"fusion-layout-column fusion_builder_column fusion-builder-column-1 fusion_builder_column_1_2 1_2 fusion-flex-column\" style=\"--awb-padding-top:9%;--awb-padding-right:12%;--awb-padding-bottom:9%;--awb-padding-left:12%;--awb-bg-color:hsla(var(--awb-color8-h),var(--awb-color8-s),calc(var(--awb-color8-l) + 3%),var(--awb-color8-a));--awb-bg-color-hover:hsla(var(--awb-color8-h),var(--awb-color8-s),calc(var(--awb-color8-l) + 3%),var(--awb-color8-a));--awb-bg-size:cover;--awb-width-large:50%;--awb-margin-top-large:0px;--awb-spacing-right-large:0px;--awb-margin-bottom-large:0px;--awb-spacing-left-large:0px;--awb-width-medium:100%;--awb-spacing-right-medium:0px;--awb-spacing-left-medium:0px;--awb-width-small:100%;--awb-spacing-right-small:0px;--awb-spacing-left-small:0px;\"><div class=\"fusion-column-wrapper fusion-flex-justify-content-center fusion-content-layout-column\"><div class=\"fusion-form fusion-form-builder fusion-form-form-wrapper fusion-form-1374\" style=\"--awb-tooltip-text-color:#ffffff;--awb-tooltip-background-color:#333333;\" data-form-id=\"1374\" data-config=\"{&quot;form_id&quot;:&quot;1374&quot;,&quot;form_post_id&quot;:&quot;1374&quot;,&quot;post_id&quot;:21,&quot;form_type&quot;:&quot;ajax&quot;,&quot;confirmation_type&quot;:&quot;message&quot;,&quot;redirect_url&quot;:&quot;&quot;,&quot;redirect_timeout&quot;:&quot;0&quot;,&quot;field_labels&quot;:{&quot;your_name&quot;:&quot;Seu Nome&quot;,&quot;email_address&quot;:&quot;Seu Email&quot;,&quot;subject&quot;:&quot;Assunto&quot;,&quot;departamento&quot;:&quot;Departamento:&quot;,&quot;message&quot;:&quot;Sua Mensagem&quot;},&quot;field_logics&quot;:{&quot;your_name&quot;:&quot;&quot;,&quot;email_address&quot;:&quot;&quot;,&quot;subject&quot;:&quot;&quot;,&quot;departamento&quot;:&quot;&quot;,&quot;message&quot;:&quot;&quot;,&quot;notice_1&quot;:&quot;&quot;,&quot;submit_1&quot;:&quot;&quot;},&quot;field_types&quot;:{&quot;your_name&quot;:&quot;text&quot;,&quot;email_address&quot;:&quot;email&quot;,&quot;subject&quot;:&quot;text&quot;,&quot;departamento&quot;:&quot;select&quot;,&quot;message&quot;:&quot;textarea&quot;,&quot;notice_1&quot;:&quot;notice&quot;,&quot;submit_1&quot;:&quot;submit&quot;},&quot;nonce_method&quot;:&quot;ajax&quot;,&quot;form_views&quot;:&quot;ajax&quot;,&quot;form_views_counting&quot;:&quot;all&quot;}\"><form action=\"https:\/\/blissthebeautycompany.com\/br\/contact\/\" method=\"post\" class=\"fusion-form fusion-form-1374\"><div class=\"fusion-fullwidth fullwidth-box fusion-builder-row-1-1 fusion-flex-container nonhundred-percent-fullwidth non-hundred-percent-height-scrolling\" style=\"--awb-border-radius-top-left:0px;--awb-border-radius-top-right:0px;--awb-border-radius-bottom-right:0px;--awb-border-radius-bottom-left:0px;--awb-padding-top:0px;--awb-padding-right:0px;--awb-padding-bottom:0px;--awb-padding-left:0px;--awb-margin-top:0px;--awb-margin-bottom:0px;--awb-flex-wrap:wrap;\" ><div class=\"fusion-builder-row fusion-row fusion-flex-align-items-flex-start fusion-flex-content-wrap\" style=\"width:103% !important;max-width:103% !important;margin-left: calc(-3% \/ 2 );margin-right: calc(-3% \/ 2 );\"><div class=\"fusion-layout-column fusion_builder_column fusion-builder-column-2 fusion_builder_column_1_1 1_1 fusion-flex-column\" style=\"--awb-bg-size:cover;--awb-width-large:100%;--awb-flex-grow:0;--awb-flex-shrink:0;--awb-margin-top-large:0px;--awb-spacing-right-large:1.455%;--awb-margin-bottom-large:0px;--awb-spacing-left-large:1.455%;--awb-width-medium:100%;--awb-order-medium:0;--awb-flex-grow-medium:0;--awb-flex-shrink-medium:0;--awb-spacing-right-medium:1.455%;--awb-spacing-left-medium:1.455%;--awb-width-small:100%;--awb-order-small:0;--awb-flex-grow-small:0;--awb-flex-shrink-small:0;--awb-spacing-right-small:1.455%;--awb-spacing-left-small:1.455%;\"><div class=\"fusion-column-wrapper fusion-column-has-shadow fusion-flex-justify-content-flex-start fusion-content-layout-column\"><div class=\"fusion-form-field fusion-form-text-field fusion-form-label-above\" style=\"\" data-form-id=\"1374\"><div class=\"fusion-form-label-wrapper\"><label for=\"your_name\">Seu Nome <abbr class=\"fusion-form-element-required\" title=\"required\">*<\/abbr><\/label><\/div><input type=\"text\" autocomplete=\"off\" name=\"your_name\" id=\"your_name\" value=\"\"  class=\"fusion-form-input\" required=\"true\" aria-required=\"true\" data-holds-private-data=\"false\" minlength=\"0\"\/><\/div><div class=\"fusion-form-field fusion-form-email-field fusion-form-label-above\" style=\"\" data-form-id=\"1374\"><div class=\"fusion-form-label-wrapper\"><label for=\"email_address\">Seu Email <abbr class=\"fusion-form-element-required\" title=\"required\">*<\/abbr><\/label><\/div><input type=\"email\" autocomplete=\"off\" name=\"email_address\" id=\"email_address\" value=\"\"  class=\"fusion-form-input\" required=\"true\" aria-required=\"true\" data-holds-private-data=\"false\"\/><\/div><div class=\"fusion-form-field fusion-form-text-field fusion-form-label-above\" style=\"\" data-form-id=\"1374\"><div class=\"fusion-form-label-wrapper\"><label for=\"subject\">Assunto<\/label><\/div><input type=\"text\" autocomplete=\"off\" name=\"subject\" id=\"subject\" value=\"\"  class=\"fusion-form-input\" data-holds-private-data=\"false\" minlength=\"0\"\/><\/div><div class=\"fusion-form-field fusion-form-select-field fusion-form-label-above\" style=\"\" data-form-id=\"1374\"><label for=\"departamento\">Departamento: <abbr class=\"fusion-form-element-required\" title=\"required\">*<\/abbr><\/label><div class=\"fusion-select-wrapper\"><select autocomplete=\"off\" data-empty-notice=\"Mais informa\u00e7\u00f5es\" tabindex=\"\" id=\"departamento\" name=\"departamento\" class=\"fusion-form-input\" required=\"true\" aria-required=\"true\" data-holds-private-data=\"false\"><option value=\"Cursos Online\" >Cursos Online<\/option><option value=\"Cursos Presenciais\" >Cursos Presenciais<\/option><\/select><div class=\"select-arrow\"><svg width=\"12\" height=\"8\" viewBox=\"0 0 12 8\" fill=\"none\" xmlns=\"http:\/\/www.w3.org\/2000\/svg\"> <path d=\"M1.5 1.75L6 6.25L10.5 1.75\" stroke=\"#6D6D6D\" stroke-width=\"2\" stroke-linecap=\"round\" stroke-linejoin=\"round\"\/> <\/svg><\/div><\/div><\/div><div class=\"fusion-form-field fusion-form-textarea-field fusion-form-label-above\" style=\"\" data-form-id=\"1374\"><label for=\"message\">Sua Mensagem <abbr class=\"fusion-form-element-required\" title=\"required\">*<\/abbr><\/label><textarea cols=\"40\" autocomplete=\"off\"  minlength=\"0\"  rows=\"4\" tabindex=\"\" id=\"message\" name=\"message\" class=\"fusion-form-input\" required=\"true\" aria-required=\"true\" data-holds-private-data=\"false\"><\/textarea><\/div><div class=\"form-submission-notices data-notice_1\" id=\"fusion-notices-1\" data-instance=\"1\"><div class=\"fusion-alert alert success alert-success fusion-alert-center fusion-form-response fusion-form-response-success fusion-alert-capitalize awb-alert-native-link-color alert-dismissable awb-alert-close-boxed\" role=\"alert\"><div class=\"fusion-alert-content-wrapper\"><span class=\"alert-icon\"><i class=\"awb-icon-check-circle\" aria-hidden=\"true\"><\/i><\/span><span class=\"fusion-alert-content\">Obrigado pela sua mensagem. Ela foi enviada.<\/span><\/div><button type=\"button\" class=\"close toggle-alert\" data-dismiss=\"alert\" aria-label=\"Close\">&times;<\/button><\/div><div class=\"fusion-alert alert error alert-danger fusion-alert-center fusion-form-response fusion-form-response-error fusion-alert-capitalize awb-alert-native-link-color alert-dismissable awb-alert-close-boxed\" role=\"alert\"><div class=\"fusion-alert-content-wrapper\"><span class=\"alert-icon\"><i class=\"awb-icon-exclamation-triangle\" aria-hidden=\"true\"><\/i><\/span><span class=\"fusion-alert-content\">Houve um erro ao tentar enviar sua mensagem. Por favor, tente novamente mais tarde.<\/span><\/div><button type=\"button\" class=\"close toggle-alert\" data-dismiss=\"alert\" aria-label=\"Close\">&times;<\/button><\/div><\/div><div class=\"fusion-form-field fusion-form-submit-field fusion-form-label-above\" style=\"\" data-form-id=\"1374\"><div ><button type=\"submit\" class=\"fusion-button button-flat fusion-button-default-size button-default fusion-button-default button-2 fusion-button-default-span  button-default form-form-submit\" data-form-number=\"1374\" tabindex=\"\"><span class=\"fusion-button-text awb-button__text awb-button__text--default\">Enviar<\/span><\/button><\/div><\/div><\/div><\/div><\/div><\/div><input type=\"hidden\" name=\"fusion_privacy_expiration_interval\" value=\"48\"><input type=\"hidden\" name=\"privacy_expiration_action\" value=\"anonymize\"><\/form><\/div><\/div><\/div><\/div><\/div>\n","protected":false},"excerpt":{"rendered":"","protected":false},"author":1,"featured_media":0,"parent":0,"menu_order":0,"comment_status":"open","ping_status":"closed","template":"100-width.php","meta":{"footnotes":""},"class_list":["post-21","page","type-page","status-publish","hentry"],"yoast_head":"<!-- This site is optimized with the Yoast SEO plugin v27.2 - https:\/\/yoast.com\/product\/yoast-seo-wordpress\/ -->\n<title>Fale Conosco | Cursos de Penteados - Bliss The Beauty<\/title>\n<meta name=\"description\" content=\"Entre em contato para tirar d\u00favidas sobre nossos cursos online ou presenciais, agendar VIP ou saber mais sobre certifica\u00e7\u00e3o.\" \/>\n<meta name=\"robots\" content=\"noindex, nofollow\" \/>\n<meta property=\"og:locale\" content=\"pt_BR\" \/>\n<meta property=\"og:type\" content=\"article\" \/>\n<meta property=\"og:title\" content=\"Fale Conosco | Cursos de Penteados - Bliss The Beauty\" \/>\n<meta property=\"og:description\" content=\"Entre em contato para tirar d\u00favidas sobre nossos cursos online ou presenciais, agendar VIP ou saber mais sobre certifica\u00e7\u00e3o.\" \/>\n<meta property=\"og:url\" content=\"https:\/\/blissthebeautycompany.com\/br\/contact\/\" \/>\n<meta property=\"og:site_name\" content=\"BLISS THE BEAUTY COMPANY | BRASIL\" \/>\n<meta property=\"article:modified_time\" content=\"2025-09-04T10:18:46+00:00\" \/>\n<meta name=\"twitter:card\" content=\"summary_large_image\" \/>\n<meta name=\"twitter:label1\" content=\"Est. tempo de leitura\" \/>\n\t<meta name=\"twitter:data1\" content=\"1 minuto\" \/>\n<script type=\"application\/ld+json\" class=\"yoast-schema-graph\">{\"@context\":\"https:\/\/schema.org\",\"@graph\":[{\"@type\":\"WebPage\",\"@id\":\"https:\/\/blissthebeautycompany.com\/br\/contact\/\",\"url\":\"https:\/\/blissthebeautycompany.com\/br\/contact\/\",\"name\":\"Fale Conosco | Cursos de Penteados - Bliss The Beauty\",\"isPartOf\":{\"@id\":\"https:\/\/blissthebeautycompany.com\/br\/#website\"},\"datePublished\":\"2014-12-21T08:26:19+00:00\",\"dateModified\":\"2025-09-04T10:18:46+00:00\",\"description\":\"Entre em contato para tirar d\u00favidas sobre nossos cursos online ou presenciais, agendar VIP ou saber mais sobre certifica\u00e7\u00e3o.\",\"breadcrumb\":{\"@id\":\"https:\/\/blissthebeautycompany.com\/br\/contact\/#breadcrumb\"},\"inLanguage\":\"pt-BR\",\"potentialAction\":[{\"@type\":\"ReadAction\",\"target\":[\"https:\/\/blissthebeautycompany.com\/br\/contact\/\"]}]},{\"@type\":\"BreadcrumbList\",\"@id\":\"https:\/\/blissthebeautycompany.com\/br\/contact\/#breadcrumb\",\"itemListElement\":[{\"@type\":\"ListItem\",\"position\":1,\"name\":\"In\u00edcio\",\"item\":\"https:\/\/blissthebeautycompany.com\/br\/\"},{\"@type\":\"ListItem\",\"position\":2,\"name\":\"CONTACT\"}]},{\"@type\":\"WebSite\",\"@id\":\"https:\/\/blissthebeautycompany.com\/br\/#website\",\"url\":\"https:\/\/blissthebeautycompany.com\/br\/\",\"name\":\"BLISS THE BEAUTY COMPANY | BRASIL\",\"description\":\"\",\"potentialAction\":[{\"@type\":\"SearchAction\",\"target\":{\"@type\":\"EntryPoint\",\"urlTemplate\":\"https:\/\/blissthebeautycompany.com\/br\/?s={search_term_string}\"},\"query-input\":{\"@type\":\"PropertyValueSpecification\",\"valueRequired\":true,\"valueName\":\"search_term_string\"}}],\"inLanguage\":\"pt-BR\"}]}<\/script>\n<!-- \/ Yoast SEO plugin. -->","yoast_head_json":{"title":"Fale Conosco | Cursos de Penteados - Bliss The Beauty","description":"Entre em contato para tirar d\u00favidas sobre nossos cursos online ou presenciais, agendar VIP ou saber mais sobre certifica\u00e7\u00e3o.","robots":{"index":"noindex","follow":"nofollow"},"og_locale":"pt_BR","og_type":"article","og_title":"Fale Conosco | Cursos de Penteados - Bliss The Beauty","og_description":"Entre em contato para tirar d\u00favidas sobre nossos cursos online ou presenciais, agendar VIP ou saber mais sobre certifica\u00e7\u00e3o.","og_url":"https:\/\/blissthebeautycompany.com\/br\/contact\/","og_site_name":"BLISS THE BEAUTY COMPANY | BRASIL","article_modified_time":"2025-09-04T10:18:46+00:00","twitter_card":"summary_large_image","twitter_misc":{"Est. tempo de leitura":"1 minuto"},"schema":{"@context":"https:\/\/schema.org","@graph":[{"@type":"WebPage","@id":"https:\/\/blissthebeautycompany.com\/br\/contact\/","url":"https:\/\/blissthebeautycompany.com\/br\/contact\/","name":"Fale Conosco | Cursos de Penteados - Bliss The Beauty","isPartOf":{"@id":"https:\/\/blissthebeautycompany.com\/br\/#website"},"datePublished":"2014-12-21T08:26:19+00:00","dateModified":"2025-09-04T10:18:46+00:00","description":"Entre em contato para tirar d\u00favidas sobre nossos cursos online ou presenciais, agendar VIP ou saber mais sobre certifica\u00e7\u00e3o.","breadcrumb":{"@id":"https:\/\/blissthebeautycompany.com\/br\/contact\/#breadcrumb"},"inLanguage":"pt-BR","potentialAction":[{"@type":"ReadAction","target":["https:\/\/blissthebeautycompany.com\/br\/contact\/"]}]},{"@type":"BreadcrumbList","@id":"https:\/\/blissthebeautycompany.com\/br\/contact\/#breadcrumb","itemListElement":[{"@type":"ListItem","position":1,"name":"In\u00edcio","item":"https:\/\/blissthebeautycompany.com\/br\/"},{"@type":"ListItem","position":2,"name":"CONTACT"}]},{"@type":"WebSite","@id":"https:\/\/blissthebeautycompany.com\/br\/#website","url":"https:\/\/blissthebeautycompany.com\/br\/","name":"BLISS THE BEAUTY COMPANY | BRASIL","description":"","potentialAction":[{"@type":"SearchAction","target":{"@type":"EntryPoint","urlTemplate":"https:\/\/blissthebeautycompany.com\/br\/?s={search_term_string}"},"query-input":{"@type":"PropertyValueSpecification","valueRequired":true,"valueName":"search_term_string"}}],"inLanguage":"pt-BR"}]}},"_links":{"self":[{"href":"https:\/\/blissthebeautycompany.com\/br\/wp-json\/wp\/v2\/pages\/21","targetHints":{"allow":["GET"]}}],"collection":[{"href":"https:\/\/blissthebeautycompany.com\/br\/wp-json\/wp\/v2\/pages"}],"about":[{"href":"https:\/\/blissthebeautycompany.com\/br\/wp-json\/wp\/v2\/types\/page"}],"author":[{"embeddable":true,"href":"https:\/\/blissthebeautycompany.com\/br\/wp-json\/wp\/v2\/users\/1"}],"replies":[{"embeddable":true,"href":"https:\/\/blissthebeautycompany.com\/br\/wp-json\/wp\/v2\/comments?post=21"}],"version-history":[{"count":22,"href":"https:\/\/blissthebeautycompany.com\/br\/wp-json\/wp\/v2\/pages\/21\/revisions"}],"predecessor-version":[{"id":4022,"href":"https:\/\/blissthebeautycompany.com\/br\/wp-json\/wp\/v2\/pages\/21\/revisions\/4022"}],"wp:attachment":[{"href":"https:\/\/blissthebeautycompany.com\/br\/wp-json\/wp\/v2\/media?parent=21"}],"curies":[{"name":"wp","href":"https:\/\/api.w.org\/{rel}","templated":true}]}}