{"id":11,"date":"2014-12-21T08:23:28","date_gmt":"2014-12-21T08:23:28","guid":{"rendered":"https:\/\/avada.theme-fusion.com_demos\/fashion\/?page_id=11"},"modified":"2025-09-19T20:02:41","modified_gmt":"2025-09-19T20:02:41","slug":"sobrenos","status":"publish","type":"page","link":"https:\/\/blissthebeautycompany.com\/br\/sobrenos\/","title":{"rendered":"Sobre N\u00f3s"},"content":{"rendered":"<p><div class=\"fusion-fullwidth fullwidth-box fusion-builder-row-1 fusion-flex-container video-background has-pattern-background has-mask-background hundred-percent-fullwidth non-hundred-percent-height-scrolling\" style=\"--awb-border-radius-top-left:0px;--awb-border-radius-top-right:0px;--awb-border-radius-bottom-right:0px;--awb-border-radius-bottom-left:0px;--awb-padding-bottom-small:49px;--awb-margin-bottom:-15%;--awb-margin-bottom-small:0px;--awb-flex-wrap:wrap;\" ><div class=\"fullwidth-video\"><video preload=\"auto\" autoplay playsinline loop muted><source src=\"https:\/\/blissthebeautycompany.com\/br\/wp-content\/uploads\/sites\/7\/2024\/02\/CLIPS-RED-HAIR.mp4\" type=\"video\/mp4\"><\/video><\/div><div class=\"awb-background-pattern\" style=\"background-image:  url(data:image\/svg+xml;utf8,%3Csvg%20width%3D%2242%22%20height%3D%2244%22%20fill%3D%22none%22%20xmlns%3D%22http%3A%2F%2Fwww.w3.org%2F2000%2Fsvg%22%3E%3Cpath%20fill-rule%3D%22evenodd%22%20clip-rule%3D%22evenodd%22%20d%3D%22M42%2043V23H22v20h20zM0%2023v20h20V23H0zM41%201H1v20h40V1z%22%20fill%3D%22rgba%280%2C0%2C0%2C1%29%22%2F%3E%3C%2Fsvg%3E);opacity: 0.15 ;background-size:20PX;mix-blend-mode:normal;\"><\/div><div class=\"fusion-builder-row fusion-row fusion-flex-align-items-flex-start fusion-flex-content-wrap\" style=\"width:104% !important;max-width:104% !important;margin-left: calc(-4% \/ 2 );margin-right: calc(-4% \/ 2 );\"><div class=\"fusion-layout-column fusion_builder_column fusion-builder-column-0 fusion_builder_column_1_1 1_1 fusion-flex-column\" style=\"--awb-bg-size:cover;--awb-width-large:100%;--awb-margin-top-large:0px;--awb-spacing-right-large:1.92%;--awb-margin-bottom-large:20px;--awb-spacing-left-large:1.92%;--awb-width-medium:100%;--awb-order-medium:0;--awb-spacing-right-medium:1.92%;--awb-spacing-left-medium:1.92%;--awb-width-small:100%;--awb-order-small:0;--awb-spacing-right-small:1.92%;--awb-spacing-left-small:1.92%;\"><div class=\"fusion-column-wrapper fusion-column-has-shadow fusion-flex-justify-content-flex-start fusion-content-layout-column\"><div class=\"fusion-separator fusion-full-width-sep\" style=\"align-self: center;margin-left: auto;margin-right: auto;margin-top:20%;margin-bottom:15%;width:100%;\"><\/div><\/div><\/div><\/div><\/div><div class=\"fusion-fullwidth fullwidth-box fusion-builder-row-2 fusion-flex-container has-pattern-background has-mask-background nonhundred-percent-fullwidth non-hundred-percent-height-scrolling\" style=\"--awb-background-position:left top;--awb-border-sizes-top:0px;--awb-border-sizes-bottom:0px;--awb-border-sizes-left:0px;--awb-border-sizes-right:0px;--awb-border-radius-top-left:0px;--awb-border-radius-top-right:0px;--awb-border-radius-bottom-right:0px;--awb-border-radius-bottom-left:0px;--awb-padding-top:0px;--awb-padding-right:0px;--awb-padding-bottom:90px;--awb-padding-left:0px;--awb-padding-top-small:0px;--awb-margin-top:11%;--awb-margin-top-medium:155.28125px;--awb-margin-top-small:0%;--awb-background-color:#000000;--awb-flex-wrap:wrap;\" ><div class=\"fusion-builder-row fusion-row fusion-flex-align-items-stretch fusion-flex-content-wrap\" style=\"max-width:1216.8px;margin-left: calc(-4% \/ 2 );margin-right: calc(-4% \/ 2 );\"><div class=\"fusion-layout-column fusion_builder_column fusion-builder-column-1 fusion_builder_column_1_1 1_1 fusion-flex-column\" style=\"--awb-padding-top-small:0%;--awb-padding-bottom-small:0px;--awb-bg-color:#000000;--awb-bg-color-hover:#000000;--awb-bg-blend:overlay;--awb-bg-size:cover;--awb-width-large:100%;--awb-margin-top-large:0px;--awb-spacing-right-large:0%;--awb-margin-bottom-large:24px;--awb-spacing-left-large:0%;--awb-width-medium:100%;--awb-spacing-right-medium:1.92%;--awb-spacing-left-medium:1.92%;--awb-width-small:100%;--awb-margin-top-small:8.3%;--awb-spacing-right-small:1.92%;--awb-margin-bottom-small:0px;--awb-spacing-left-small:1.92%;\"><div class=\"fusion-column-wrapper fusion-flex-justify-content-center fusion-content-layout-column\"><div class=\"fusion-separator fusion-full-width-sep\" style=\"align-self: center;margin-left: auto;margin-right: auto;margin-top:1%;margin-bottom:3%;width:100%;\"><\/div><div class=\"fusion-image-element \" style=\"text-align:center;--awb-max-width:500PX;--awb-caption-title-font-family:var(--h2_typography-font-family);--awb-caption-title-font-weight:var(--h2_typography-font-weight);--awb-caption-title-font-style:var(--h2_typography-font-style);--awb-caption-title-size:var(--h2_typography-font-size);--awb-caption-title-transform:var(--h2_typography-text-transform);--awb-caption-title-line-height:var(--h2_typography-line-height);--awb-caption-title-letter-spacing:var(--h2_typography-letter-spacing);\"><span class=\" fusion-imageframe imageframe-none imageframe-1 hover-type-none\"><img decoding=\"async\" width=\"750\" height=\"192\" title=\"SOBRENOS3\" src=\"https:\/\/blissthebeautycompany.com\/br\/wp-content\/uploads\/sites\/7\/2024\/02\/SOBRENOS3.png\" data-orig-src=\"https:\/\/blissthebeautycompany.com\/br\/wp-content\/uploads\/sites\/7\/2024\/02\/SOBRENOS3.png\" alt class=\"lazyload img-responsive wp-image-2332\" srcset=\"data:image\/svg+xml,%3Csvg%20xmlns%3D%27http%3A%2F%2Fwww.w3.org%2F2000%2Fsvg%27%20width%3D%27750%27%20height%3D%27192%27%20viewBox%3D%270%200%20750%20192%27%3E%3Crect%20width%3D%27750%27%20height%3D%27192%27%20fill-opacity%3D%220%22%2F%3E%3C%2Fsvg%3E\" data-srcset=\"https:\/\/blissthebeautycompany.com\/br\/wp-content\/uploads\/sites\/7\/2024\/02\/SOBRENOS3-200x51.png 200w, https:\/\/blissthebeautycompany.com\/br\/wp-content\/uploads\/sites\/7\/2024\/02\/SOBRENOS3-400x102.png 400w, https:\/\/blissthebeautycompany.com\/br\/wp-content\/uploads\/sites\/7\/2024\/02\/SOBRENOS3-600x154.png 600w, https:\/\/blissthebeautycompany.com\/br\/wp-content\/uploads\/sites\/7\/2024\/02\/SOBRENOS3.png 750w\" data-sizes=\"auto\" data-orig-sizes=\"(max-width: 1220px) 100vw, (max-width: 640px) 100vw, 750px\" \/><\/span><\/div><\/div><\/div><div class=\"fusion-layout-column fusion_builder_column fusion-builder-column-2 fusion_builder_column_1_2 1_2 fusion-flex-column\" style=\"--awb-bg-position:center center;--awb-bg-blend:overlay;--awb-bg-size:cover;--awb-width-large:50%;--awb-margin-top-large:0px;--awb-spacing-right-large:0%;--awb-margin-bottom-large:0px;--awb-spacing-left-large:0%;--awb-width-medium:100%;--awb-order-medium:0;--awb-spacing-right-medium:1.92%;--awb-spacing-left-medium:1.92%;--awb-width-small:100%;--awb-order-small:0;--awb-spacing-right-small:1.92%;--awb-spacing-left-small:1.92%;\" data-scroll-devices=\"small-visibility,medium-visibility,large-visibility\"><div class=\"fusion-column-wrapper lazyload fusion-column-has-shadow fusion-flex-justify-content-center fusion-content-layout-column fusion-empty-column-bg-image fusion-column-has-bg-image\" data-bg-url=\"https:\/\/blissthebeautycompany.com\/br\/wp-content\/uploads\/sites\/7\/2025\/09\/DSC_5928-FAV.jpg\" data-bg=\"https:\/\/blissthebeautycompany.com\/br\/wp-content\/uploads\/sites\/7\/2025\/09\/DSC_5928-FAV.jpg\"><img decoding=\"async\" class=\"fusion-empty-dims-img-placeholder fusion-no-large-visibility\" aria-label=\"DSC_5928 &#8211; FAV\" src=\"data:image\/svg+xml,%3Csvg%20xmlns%3D%27http%3A%2F%2Fwww.w3.org%2F2000%2Fsvg%27%20width%3D%272048%27%20height%3D%271367%27%20viewBox%3D%270%200%202048%201367%27%3E%3Crect%20width%3D%272048%27%20height%3D%271367%27%20fill-opacity%3D%220%22%2F%3E%3C%2Fsvg%3E\"><\/div><\/div><div class=\"fusion-layout-column fusion_builder_column fusion-builder-column-3 fusion_builder_column_1_2 1_2 fusion-flex-column\" style=\"--awb-padding-right:20px;--awb-padding-left:21px;--awb-bg-color:#000000;--awb-bg-color-hover:#000000;--awb-bg-blend:overlay;--awb-bg-size:cover;--awb-width-large:50%;--awb-margin-top-large:0px;--awb-spacing-right-large:0%;--awb-margin-bottom-large:0px;--awb-spacing-left-large:0%;--awb-width-medium:100%;--awb-spacing-right-medium:1.92%;--awb-spacing-left-medium:1.92%;--awb-width-small:100%;--awb-spacing-right-small:1.92%;--awb-spacing-left-small:1.92%;\"><div class=\"fusion-column-wrapper fusion-flex-justify-content-center fusion-content-layout-column\"><div class=\"fusion-title title fusion-title-1 fusion-title-text fusion-title-size-three\" style=\"--awb-text-color:var(--awb-color5);--awb-margin-top-small:0px;--awb-margin-right-small:0px;--awb-margin-bottom-small:20px;--awb-margin-left-small:0px;\"><div class=\"title-sep-container title-sep-container-left fusion-no-large-visibility fusion-no-medium-visibility fusion-no-small-visibility\"><div class=\"title-sep sep- sep-solid\" style=\"border-color:hsla(var(--awb-color1-h),var(--awb-color1-s),var(--awb-color1-l),calc( var(--awb-color1-a) - 80% ));\"><\/div><\/div><span class=\"awb-title-spacer fusion-no-large-visibility fusion-no-medium-visibility fusion-no-small-visibility\"><\/span><h3 class=\"fusion-title-heading title-heading-left fusion-responsive-typography-calculated\" style=\"margin:0;--fontSize:32;line-height:1.13;\"><h3>Quem Somos: A Hist\u00f3ria da Bliss The Beauty Company<\/h3><\/h3><span class=\"awb-title-spacer\"><\/span><div class=\"title-sep-container title-sep-container-right\"><div class=\"title-sep sep- sep-solid\" style=\"border-color:hsla(var(--awb-color1-h),var(--awb-color1-s),var(--awb-color1-l),calc( var(--awb-color1-a) - 80% ));\"><\/div><\/div><\/div><div class=\"fusion-text fusion-text-1\"><p>No cen\u00e1rio agitado da inova\u00e7\u00e3o empresarial, um jovem ambicioso se destacou. Com um olhar perspicaz para oportunidades e uma determina\u00e7\u00e3o incans\u00e1vel para o sucesso, nosso CEO tra\u00e7ou uma jornada not\u00e1vel desde humildes come\u00e7os at\u00e9 os pin\u00e1culos do empreendedorismo. Depois de criar neg\u00f3cios pr\u00f3speros do zero no Reino Unido, ele alcan\u00e7ou o \u00e1pice do sucesso, comandando centenas de funcion\u00e1rios. Mas sua jornada estava longe de acabar.<\/p>\n<p>Impulsionado pelo desejo de explorar novos caminhos e compartilhar sua expertise, nosso CEO passou de propriet\u00e1rio de neg\u00f3cios a investidor, buscando desafios e oportunidades para fazer um impacto. Foi durante esse per\u00edodo que o destino interveio, quando ele cruzou caminhos com uma cabeleireira profissional cuja paix\u00e3o e talento inabal\u00e1veis deixaram uma impress\u00e3o indel\u00e9vel. Reconhecendo o potencial inexplorado dentro da ind\u00fastria da beleza, uma fa\u00edsca se acendeu.<\/p>\n<p>Com base em uma fus\u00e3o de conhecimento, talento e paix\u00e3o inesgot\u00e1vel, nosso CEO embarcou em uma nova empreitada, lan\u00e7ando os alicerces para a Bliss. Com uma vis\u00e3o de revolucionar a ind\u00fastria da beleza, ele reuniu uma sinergia din\u00e2mica de expertise, combinando a arte dos profissionais de beleza com seu acumen empreendedor para criar algo verdadeiramente excepcional.<\/p>\n<\/div><\/div><\/div><div class=\"fusion-layout-column fusion_builder_column fusion-builder-column-4 fusion_builder_column_1_2 1_2 fusion-flex-column\" style=\"--awb-padding-top:22px;--awb-padding-right:21px;--awb-padding-left:20px;--awb-bg-color:#000000;--awb-bg-color-hover:#000000;--awb-bg-blend:overlay;--awb-bg-size:cover;--awb-width-large:50%;--awb-margin-top-large:0px;--awb-spacing-right-large:0%;--awb-margin-bottom-large:0px;--awb-spacing-left-large:0%;--awb-width-medium:100%;--awb-spacing-right-medium:1.92%;--awb-spacing-left-medium:1.92%;--awb-width-small:100%;--awb-spacing-right-small:1.92%;--awb-spacing-left-small:1.92%;\"><div class=\"fusion-column-wrapper fusion-flex-justify-content-center fusion-content-layout-column\"><div class=\"fusion-title title fusion-title-2 fusion-title-text fusion-title-size-three\" style=\"--awb-text-color:var(--awb-color5);--awb-margin-top:30px;--awb-margin-top-small:0px;--awb-margin-right-small:0px;--awb-margin-bottom-small:20px;--awb-margin-left-small:0px;\"><div class=\"title-sep-container title-sep-container-left fusion-no-large-visibility fusion-no-medium-visibility fusion-no-small-visibility\"><div class=\"title-sep sep- sep-solid\" style=\"border-color:hsla(var(--awb-color1-h),var(--awb-color1-s),var(--awb-color1-l),calc( var(--awb-color1-a) - 80% ));\"><\/div><\/div><span class=\"awb-title-spacer fusion-no-large-visibility fusion-no-medium-visibility fusion-no-small-visibility\"><\/span><h3 class=\"fusion-title-heading title-heading-left fusion-responsive-typography-calculated\" style=\"margin:0;--fontSize:32;line-height:1.13;\"><h3>Onde Estamos Agora: Capacitando no Brasil<\/h3><\/h3><span class=\"awb-title-spacer\"><\/span><div class=\"title-sep-container title-sep-container-right\"><div class=\"title-sep sep- sep-solid\" style=\"border-color:hsla(var(--awb-color1-h),var(--awb-color1-s),var(--awb-color1-l),calc( var(--awb-color1-a) - 80% ));\"><\/div><\/div><\/div><div class=\"fusion-text fusion-text-2\"><p>Avan\u00e7ando rapidamente at\u00e9 hoje, a Bliss embarcou em um novo cap\u00edtulo emocionante, voltando seu olhar para o Brasil. Com um compromisso de capacitar profissionais da beleza, estabelecemo-nos como um farol de inova\u00e7\u00e3o e educa\u00e7\u00e3o na ind\u00fastria.<\/p>\n<p>Nosso foco vai al\u00e9m da instru\u00e7\u00e3o; estamos pioneirando uma nova era de aprendizado, produzindo conte\u00fado educacional imersivo e oferecendo cursos abrangentes que capacitam os indiv\u00edduos com as habilidades e conhecimentos necess\u00e1rios para se destacarem em sua arte. Atrav\u00e9s de parcerias estrat\u00e9gicas, estamos cultivando um ecossistema vibrante, reunindo uma variedade diversificada de recursos sob um mesmo teto.<\/p>\n<\/div><div style=\"text-align:left;\"><a class=\"fusion-button button-flat button-xlarge button-custom fusion-button-default button-1 fusion-button-span-yes fusion-has-button-gradient\" style=\"--button_accent_color:#ffffff;--button_border_color:#fc5a5a;--button_accent_hover_color:#ffffff;--button_border_hover_color:#4ca9b4;--button_border_width-top:2px;--button_border_width-right:2px;--button_border_width-bottom:2px;--button_border_width-left:2px;--button_gradient_top_color:#0a0a0a;--button_gradient_bottom_color:#000000;--button_gradient_top_color_hover:#000000;--button_gradient_bottom_color_hover:#000000;--button_margin-bottom:10px;\" target=\"_self\" href=\"https:\/\/blissthebeautycompany.com\/br\/product\/bliss-fundamentos-presencial\/\"><span class=\"fusion-button-text awb-button__text awb-button__text--default\">Cursos para Iniciantes<\/span><\/a><\/div><div style=\"text-align:left;\"><a class=\"fusion-button button-flat button-xlarge button-custom fusion-button-default button-2 fusion-button-span-yes fusion-has-button-gradient\" style=\"--button_accent_color:#ffffff;--button_border_color:#fc5a5a;--button_accent_hover_color:#ffffff;--button_border_hover_color:#4ca9b4;--button_border_width-top:2px;--button_border_width-right:2px;--button_border_width-bottom:2px;--button_border_width-left:2px;--button_gradient_top_color:#0a0a0a;--button_gradient_bottom_color:#000000;--button_gradient_top_color_hover:#000000;--button_gradient_bottom_color_hover:#000000;--button_margin-bottom:10px;\" target=\"_self\" href=\"https:\/\/blissthebeautycompany.com\/br\/product\/bliss-conceito\/\"><span class=\"fusion-button-text awb-button__text awb-button__text--default\">Cursos Intermedi\u00e1rios<\/span><\/a><\/div><div style=\"text-align:left;\"><a class=\"fusion-button button-flat button-xlarge button-custom fusion-button-default button-3 fusion-button-span-yes fusion-has-button-gradient\" style=\"--button_accent_color:#ffffff;--button_border_color:#fc5a5a;--button_accent_hover_color:#ffffff;--button_border_hover_color:#4ca9b4;--button_border_width-top:2px;--button_border_width-right:2px;--button_border_width-bottom:2px;--button_border_width-left:2px;--button_gradient_top_color:#0a0a0a;--button_gradient_bottom_color:#000000;--button_gradient_top_color_hover:#000000;--button_gradient_bottom_color_hover:#000000;--button_margin-bottom:10px;\" target=\"_self\" href=\"https:\/\/blissthebeautycompany.com\/br\/product\/bliss-dominio\/\"><span class=\"fusion-button-text awb-button__text awb-button__text--default\">Cursos Avan\u00e7ados<\/span><\/a><\/div><\/div><\/div><div class=\"fusion-layout-column fusion_builder_column fusion-builder-column-5 fusion_builder_column_1_2 1_2 fusion-flex-column fusion-no-small-visibility fusion-no-medium-visibility\" style=\"--awb-padding-bottom:50p;--awb-bg-blend:overlay;--awb-bg-size:cover;--awb-width-large:50%;--awb-margin-top-large:0px;--awb-spacing-right-large:0%;--awb-margin-bottom-large:0px;--awb-spacing-left-large:0%;--awb-width-medium:100%;--awb-order-medium:0;--awb-spacing-right-medium:1.92%;--awb-spacing-left-medium:1.92%;--awb-width-small:100%;--awb-order-small:0;--awb-spacing-right-small:1.92%;--awb-spacing-left-small:1.92%;\" data-scroll-devices=\"small-visibility,medium-visibility,large-visibility\"><div class=\"fusion-column-wrapper lazyload fusion-column-has-shadow fusion-flex-justify-content-center fusion-content-layout-column fusion-empty-column-bg-image fusion-column-has-bg-image\" data-bg-url=\"https:\/\/blissthebeautycompany.com\/br\/wp-content\/uploads\/sites\/7\/2024\/03\/brazil-site-imagre.jpg\" data-bg=\"https:\/\/blissthebeautycompany.com\/br\/wp-content\/uploads\/sites\/7\/2024\/03\/brazil-site-imagre.jpg\"><img decoding=\"async\" class=\"fusion-empty-dims-img-placeholder fusion-no-large-visibility\" aria-label=\"brazil-site-imagre\" src=\"data:image\/svg+xml,%3Csvg%20xmlns%3D%27http%3A%2F%2Fwww.w3.org%2F2000%2Fsvg%27%20width%3D%271300%27%20height%3D%271443%27%20viewBox%3D%270%200%201300%201443%27%3E%3Crect%20width%3D%271300%27%20height%3D%271443%27%20fill-opacity%3D%220%22%2F%3E%3C%2Fsvg%3E\"><\/div><\/div><\/div><\/div><\/p>\n","protected":false},"excerpt":{"rendered":"","protected":false},"author":1,"featured_media":0,"parent":0,"menu_order":0,"comment_status":"open","ping_status":"closed","template":"100-width.php","meta":{"footnotes":""},"class_list":["post-11","page","type-page","status-publish","hentry"],"yoast_head":"<!-- This site is optimized with the Yoast SEO plugin v27.2 - https:\/\/yoast.com\/product\/yoast-seo-wordpress\/ -->\n<title>Sobre a Bliss | Cursos Profissionais de Penteados Online<\/title>\n<meta name=\"description\" content=\"Conhe\u00e7a a Bliss The Beauty Company. Somos especialistas em cursos de penteados para noivas, festas e cabeleireiros profissionais.\" \/>\n<meta name=\"robots\" content=\"index, follow, max-snippet:-1, max-image-preview:large, max-video-preview:-1\" \/>\n<link rel=\"canonical\" href=\"https:\/\/blissthebeautycompany.com\/br\/sobrenos\/\" \/>\n<meta property=\"og:locale\" content=\"pt_BR\" \/>\n<meta property=\"og:type\" content=\"article\" \/>\n<meta property=\"og:title\" content=\"Sobre a Bliss | Cursos Profissionais de Penteados Online\" \/>\n<meta property=\"og:description\" content=\"Conhe\u00e7a a Bliss The Beauty Company. Somos especialistas em cursos de penteados para noivas, festas e cabeleireiros profissionais.\" \/>\n<meta property=\"og:url\" content=\"https:\/\/blissthebeautycompany.com\/br\/sobrenos\/\" \/>\n<meta property=\"og:site_name\" content=\"BLISS THE BEAUTY COMPANY | BRASIL\" \/>\n<meta property=\"article:modified_time\" content=\"2025-09-19T20:02:41+00:00\" \/>\n<meta name=\"twitter:card\" content=\"summary_large_image\" \/>\n<meta name=\"twitter:label1\" content=\"Est. tempo de leitura\" \/>\n\t<meta name=\"twitter:data1\" content=\"3 minutos\" \/>\n<script type=\"application\/ld+json\" class=\"yoast-schema-graph\">{\"@context\":\"https:\/\/schema.org\",\"@graph\":[{\"@type\":\"WebPage\",\"@id\":\"https:\/\/blissthebeautycompany.com\/br\/sobrenos\/\",\"url\":\"https:\/\/blissthebeautycompany.com\/br\/sobrenos\/\",\"name\":\"Sobre a Bliss | Cursos Profissionais de Penteados Online\",\"isPartOf\":{\"@id\":\"https:\/\/blissthebeautycompany.com\/br\/#website\"},\"datePublished\":\"2014-12-21T08:23:28+00:00\",\"dateModified\":\"2025-09-19T20:02:41+00:00\",\"description\":\"Conhe\u00e7a a Bliss The Beauty Company. Somos especialistas em cursos de penteados para noivas, festas e cabeleireiros profissionais.\",\"breadcrumb\":{\"@id\":\"https:\/\/blissthebeautycompany.com\/br\/sobrenos\/#breadcrumb\"},\"inLanguage\":\"pt-BR\",\"potentialAction\":[{\"@type\":\"ReadAction\",\"target\":[\"https:\/\/blissthebeautycompany.com\/br\/sobrenos\/\"]}]},{\"@type\":\"BreadcrumbList\",\"@id\":\"https:\/\/blissthebeautycompany.com\/br\/sobrenos\/#breadcrumb\",\"itemListElement\":[{\"@type\":\"ListItem\",\"position\":1,\"name\":\"In\u00edcio\",\"item\":\"https:\/\/blissthebeautycompany.com\/br\/\"},{\"@type\":\"ListItem\",\"position\":2,\"name\":\"Sobre N\u00f3s\"}]},{\"@type\":\"WebSite\",\"@id\":\"https:\/\/blissthebeautycompany.com\/br\/#website\",\"url\":\"https:\/\/blissthebeautycompany.com\/br\/\",\"name\":\"BLISS THE BEAUTY COMPANY | BRASIL\",\"description\":\"\",\"potentialAction\":[{\"@type\":\"SearchAction\",\"target\":{\"@type\":\"EntryPoint\",\"urlTemplate\":\"https:\/\/blissthebeautycompany.com\/br\/?s={search_term_string}\"},\"query-input\":{\"@type\":\"PropertyValueSpecification\",\"valueRequired\":true,\"valueName\":\"search_term_string\"}}],\"inLanguage\":\"pt-BR\"}]}<\/script>\n<!-- \/ Yoast SEO plugin. -->","yoast_head_json":{"title":"Sobre a Bliss | Cursos Profissionais de Penteados Online","description":"Conhe\u00e7a a Bliss The Beauty Company. Somos especialistas em cursos de penteados para noivas, festas e cabeleireiros profissionais.","robots":{"index":"index","follow":"follow","max-snippet":"max-snippet:-1","max-image-preview":"max-image-preview:large","max-video-preview":"max-video-preview:-1"},"canonical":"https:\/\/blissthebeautycompany.com\/br\/sobrenos\/","og_locale":"pt_BR","og_type":"article","og_title":"Sobre a Bliss | Cursos Profissionais de Penteados Online","og_description":"Conhe\u00e7a a Bliss The Beauty Company. Somos especialistas em cursos de penteados para noivas, festas e cabeleireiros profissionais.","og_url":"https:\/\/blissthebeautycompany.com\/br\/sobrenos\/","og_site_name":"BLISS THE BEAUTY COMPANY | BRASIL","article_modified_time":"2025-09-19T20:02:41+00:00","twitter_card":"summary_large_image","twitter_misc":{"Est. tempo de leitura":"3 minutos"},"schema":{"@context":"https:\/\/schema.org","@graph":[{"@type":"WebPage","@id":"https:\/\/blissthebeautycompany.com\/br\/sobrenos\/","url":"https:\/\/blissthebeautycompany.com\/br\/sobrenos\/","name":"Sobre a Bliss | Cursos Profissionais de Penteados Online","isPartOf":{"@id":"https:\/\/blissthebeautycompany.com\/br\/#website"},"datePublished":"2014-12-21T08:23:28+00:00","dateModified":"2025-09-19T20:02:41+00:00","description":"Conhe\u00e7a a Bliss The Beauty Company. Somos especialistas em cursos de penteados para noivas, festas e cabeleireiros profissionais.","breadcrumb":{"@id":"https:\/\/blissthebeautycompany.com\/br\/sobrenos\/#breadcrumb"},"inLanguage":"pt-BR","potentialAction":[{"@type":"ReadAction","target":["https:\/\/blissthebeautycompany.com\/br\/sobrenos\/"]}]},{"@type":"BreadcrumbList","@id":"https:\/\/blissthebeautycompany.com\/br\/sobrenos\/#breadcrumb","itemListElement":[{"@type":"ListItem","position":1,"name":"In\u00edcio","item":"https:\/\/blissthebeautycompany.com\/br\/"},{"@type":"ListItem","position":2,"name":"Sobre N\u00f3s"}]},{"@type":"WebSite","@id":"https:\/\/blissthebeautycompany.com\/br\/#website","url":"https:\/\/blissthebeautycompany.com\/br\/","name":"BLISS THE BEAUTY COMPANY | BRASIL","description":"","potentialAction":[{"@type":"SearchAction","target":{"@type":"EntryPoint","urlTemplate":"https:\/\/blissthebeautycompany.com\/br\/?s={search_term_string}"},"query-input":{"@type":"PropertyValueSpecification","valueRequired":true,"valueName":"search_term_string"}}],"inLanguage":"pt-BR"}]}},"_links":{"self":[{"href":"https:\/\/blissthebeautycompany.com\/br\/wp-json\/wp\/v2\/pages\/11","targetHints":{"allow":["GET"]}}],"collection":[{"href":"https:\/\/blissthebeautycompany.com\/br\/wp-json\/wp\/v2\/pages"}],"about":[{"href":"https:\/\/blissthebeautycompany.com\/br\/wp-json\/wp\/v2\/types\/page"}],"author":[{"embeddable":true,"href":"https:\/\/blissthebeautycompany.com\/br\/wp-json\/wp\/v2\/users\/1"}],"replies":[{"embeddable":true,"href":"https:\/\/blissthebeautycompany.com\/br\/wp-json\/wp\/v2\/comments?post=11"}],"version-history":[{"count":132,"href":"https:\/\/blissthebeautycompany.com\/br\/wp-json\/wp\/v2\/pages\/11\/revisions"}],"predecessor-version":[{"id":4069,"href":"https:\/\/blissthebeautycompany.com\/br\/wp-json\/wp\/v2\/pages\/11\/revisions\/4069"}],"wp:attachment":[{"href":"https:\/\/blissthebeautycompany.com\/br\/wp-json\/wp\/v2\/media?parent=11"}],"curies":[{"name":"wp","href":"https:\/\/api.w.org\/{rel}","templated":true}]}}